{"id":10,"date":"2022-05-19T14:27:47","date_gmt":"2022-05-19T14:27:47","guid":{"rendered":"https:\/\/www.shop.cazeneuve.fr\/?page_id=10"},"modified":"2022-09-28T09:51:00","modified_gmt":"2022-09-28T09:51:00","slug":"retours_remboursements","status":"publish","type":"page","link":"https:\/\/www.shop.cazeneuve.fr\/en\/retours_remboursements\/","title":{"rendered":"Politique en mati\u00e8re de retours et remboursements."},"content":{"rendered":"<p class=\"has-x-large-font-size\"><strong><mark style=\"background-color:rgba(0, 0, 0, 0)\" class=\"has-inline-color has-ast-global-color-0-color\">Refunds and returns policy.<\/mark><\/strong><\/p>\n\n\n\n<p class=\"has-medium-font-size\"><mark style=\"background-color:rgba(0, 0, 0, 0)\" class=\"has-inline-color has-ast-global-color-0-color\"><strong>General<\/strong>.<\/mark><\/p>\n\n\n\n<p class=\"translation-block\">Our refund and return policy lasts 15 days. If 15 days have passed since we received your package, we cannot offer you a full refund.<\/p>\n\n\n\n<p class=\"translation-block\">Please note that <strong><mark class=\"has-inline-color has-ast-global-color-8-color\">we do not offer exchanges<\/mark><\/strong>. You will need to return your goods in accordance with the return policy to receive a refund. Then you will need to place a new order for the part you are looking for.<\/p>\n\n\n\n<p class=\"has-medium-font-size\"><strong><mark style=\"background-color:rgba(0, 0, 0, 0)\" class=\"has-inline-color has-ast-global-color-0-color\">Returns.<\/mark><\/strong><\/p>\n\n\n\n<p>To be eligible for a return, your item must be <strong>unused (not mounted, even for a short test)<\/strong>. It must also be in its <strong>original packaging<\/strong>.<\/p>\n\n\n\n<p>To complete your return, we need a document summarising the reason of your return. <\/p>\n\n\n\n<p>This document is a form that you can download by following the link below. All the steps are described in order to complete the document correctly.<\/p>\n\n\n\n<div class=\"wp-block-buttons is-layout-flex wp-block-buttons-is-layout-flex\">\n<div class=\"wp-block-button aligncenter\"><a class=\"wp-block-button__link\" href=\"https:\/\/www.shop.cazeneuve.fr\/wp-content\/uploads\/2022\/09\/Formulaire-de-retour.pdf\" target=\"_blank\" rel=\"noreferrer noopener\">FORMULAIRE DE RETOUR<\/a><\/div>\n<\/div>\n\n\n\n<div style=\"height:20px\" aria-hidden=\"true\" class=\"wp-block-spacer\"><\/div>\n\n\n\n<p><strong><mark style=\"background-color:rgba(0, 0, 0, 0)\" class=\"has-inline-color has-ast-global-color-8-color\">This form should be printed by you and enclosed with your return package, duly completed<\/mark><\/strong>. If this document is not present when it is received at our delivery address (CAZENEUVE S.A.'s head office\/plant), we cannot guarantee its reimbursement. <\/p>\n\n\n\n<p>Except for exceptions previously defined and established with CAZENEUVE, the valid reasons for a return are<br>- Wrong compatibility indicated,<br>- Wrong part received,<br>- Defective part preventing installation or use of the machine.<\/p>\n\n\n\n<p>If the parcel containing your order is damaged on arrival at your delivery address, you must immediately refuse the delivery. CAZENEUVE S.A. is not responsible for a damaged parcel and the problems that this situation may cause (items in poor condition). We will not be able to give a refund if the initial package (sent by us) arrived damaged and the parts are deteriorated. In this case, the transport company is responsible. You should therefore turn to them if you wish to make a claim.<\/p>\n\n\n\n<p>Once your return has been received and inspected, we will send you an email to inform you that we have received your returned package. We will also inform you of the approval or rejection of your refund after our expertise on the returned part(s).<\/p>\n\n\n\n<p>If your request is accepted, a refund will automatically be applied to your credit card or original payment method within a few days.<\/p>\n\n\n\n<p>If you initially chose to pay by bank transfer when you placed your order, we will ask you for your bank details to process the refund.<\/p>\n\n\n\n<p>In the event that you wish to return the supply for reasons other than those provided for in the present conditions, CAZENEUVE S.A. reserves the right to apply costs relating to the receipt, verification and storage of the parts concerned. These costs amount to 10% of the value of each part.<br><strong><mark style=\"background-color:rgba(0, 0, 0, 0)\" class=\"has-inline-color has-ast-global-color-8-color\">In all cases, the costs associated with the transport and handling of the supply will be at your expense.<\/mark><\/strong><\/p>\n\n\n\n<p class=\"has-medium-font-size\"><strong><mark style=\"background-color:rgba(0, 0, 0, 0)\" class=\"has-inline-color has-ast-global-color-0-color\">Late or missing refunds.<\/mark><\/strong><\/p>\n\n\n\n<p>If you have not received a refund within one month of our verification, please check your bank account again first.<\/p>\n\n\n\n<p>Then contact your bank. There is often some processing time before a refund is posted.<\/p>\n\n\n\n<p>If you have done all this and still haven't received your refund, please contact us at info@cazeneuve.fr<\/p>\n\n\n\n<p class=\"has-medium-font-size\"><strong><mark style=\"background-color:rgba(0, 0, 0, 0)\" class=\"has-inline-color has-ast-global-color-0-color\">Goods returns.<\/mark><\/strong><\/p>\n\n\n\n<p>To return your product, you must send it to the following postal address: CAZENEUVE - Avenue Denis Crapon, Z.I de l'Abbaye, CS 70059, F-38780 Pont-Ev\u00eaque, Is\u00e8re, FRANCE. <\/p>\n\n\n\n<p>The costs of returning all or part of your order are <strong><mark style=\"background-color:rgba(0, 0, 0, 0)\" class=\"has-inline-color has-ast-global-color-8-color\">entirely at your expense<\/mark><\/strong>. <\/p>\n\n\n\n<p>You will therefore be responsible for paying your own shipping costs for the return of all or part of your order. Shipping costs are not refundable. If you receive a refund, the return shipping costs will be deducted from your refund. <\/p>\n\n\n\n<p>If you are returning goods, you may wish to consider using a tracked shipping service or purchasing shipping insurance. We cannot guarantee receipt of your returned item(s).<\/p>\n\n\n\n<p class=\"has-medium-font-size\"><strong><mark style=\"background-color:rgba(0, 0, 0, 0)\" class=\"has-inline-color has-ast-global-color-0-color\">Need help?<\/mark><\/strong><\/p>\n\n\n\n<p>Contact us at info@cazeneuve.fr for any questions regarding refunds and returns.<\/p>","protected":false},"excerpt":{"rendered":"<p>Politique en mati\u00e8re de remboursements et de retours. G\u00e9n\u00e9ralit\u00e9s. Notre politique de remboursement et de retour dure 15 jours. Si 15 jours se sont \u00e9coul\u00e9s depuis la r\u00e9ception de votre colis, nous ne pouvons pas vous offrir un remboursement complet. Notez que nous ne proposons pas d&rsquo;\u00e9change. Vous devrez donc renvoyer votre fourniture en respectant [&hellip;]<\/p>\n","protected":false},"author":48,"featured_media":0,"parent":0,"menu_order":0,"comment_status":"closed","ping_status":"closed","template":"","meta":{"site-sidebar-layout":"default","site-content-layout":"","ast-site-content-layout":"default","site-content-style":"default","site-sidebar-style":"default","ast-global-header-display":"","ast-banner-title-visibility":"","ast-main-header-display":"","ast-hfb-above-header-display":"","ast-hfb-below-header-display":"","ast-hfb-mobile-header-display":"","site-post-title":"disabled","ast-breadcrumbs-content":"","ast-featured-img":"","footer-sml-layout":"","ast-disable-related-posts":"","theme-transparent-header-meta":"","adv-header-id-meta":"","stick-header-meta":"","header-above-stick-meta":"","header-main-stick-meta":"","header-below-stick-meta":"","astra-migrate-meta-layouts":"default","ast-page-background-enabled":"default","ast-page-background-meta":{"desktop":{"background-color":"var(--ast-global-color-4)","background-image":"","background-repeat":"repeat","background-position":"center center","background-size":"auto","background-attachment":"scroll","background-type":"","background-media":"","overlay-type":"","overlay-color":"","overlay-opacity":"","overlay-gradient":""},"tablet":{"background-color":"","background-image":"","background-repeat":"repeat","background-position":"center center","background-size":"auto","background-attachment":"scroll","background-type":"","background-media":"","overlay-type":"","overlay-color":"","overlay-opacity":"","overlay-gradient":""},"mobile":{"background-color":"","background-image":"","background-repeat":"repeat","background-position":"center center","background-size":"auto","background-attachment":"scroll","background-type":"","background-media":"","overlay-type":"","overlay-color":"","overlay-opacity":"","overlay-gradient":""}},"ast-content-background-meta":{"desktop":{"background-color":"var(--ast-global-color-5)","background-image":"","background-repeat":"repeat","background-position":"center center","background-size":"auto","background-attachment":"scroll","background-type":"","background-media":"","overlay-type":"","overlay-color":"","overlay-opacity":"","overlay-gradient":""},"tablet":{"background-color":"var(--ast-global-color-5)","background-image":"","background-repeat":"repeat","background-position":"center center","background-size":"auto","background-attachment":"scroll","background-type":"","background-media":"","overlay-type":"","overlay-color":"","overlay-opacity":"","overlay-gradient":""},"mobile":{"background-color":"var(--ast-global-color-5)","background-image":"","background-repeat":"repeat","background-position":"center center","background-size":"auto","background-attachment":"scroll","background-type":"","background-media":"","overlay-type":"","overlay-color":"","overlay-opacity":"","overlay-gradient":""}},"footnotes":""},"class_list":["post-10","page","type-page","status-publish","hentry"],"jetpack_sharing_enabled":true,"_links":{"self":[{"href":"https:\/\/www.shop.cazeneuve.fr\/en\/wp-json\/wp\/v2\/pages\/10","targetHints":{"allow":["GET"]}}],"collection":[{"href":"https:\/\/www.shop.cazeneuve.fr\/en\/wp-json\/wp\/v2\/pages"}],"about":[{"href":"https:\/\/www.shop.cazeneuve.fr\/en\/wp-json\/wp\/v2\/types\/page"}],"author":[{"embeddable":true,"href":"https:\/\/www.shop.cazeneuve.fr\/en\/wp-json\/wp\/v2\/users\/48"}],"replies":[{"embeddable":true,"href":"https:\/\/www.shop.cazeneuve.fr\/en\/wp-json\/wp\/v2\/comments?post=10"}],"version-history":[{"count":21,"href":"https:\/\/www.shop.cazeneuve.fr\/en\/wp-json\/wp\/v2\/pages\/10\/revisions"}],"predecessor-version":[{"id":4525,"href":"https:\/\/www.shop.cazeneuve.fr\/en\/wp-json\/wp\/v2\/pages\/10\/revisions\/4525"}],"wp:attachment":[{"href":"https:\/\/www.shop.cazeneuve.fr\/en\/wp-json\/wp\/v2\/media?parent=10"}],"curies":[{"name":"wp","href":"https:\/\/api.w.org\/{rel}","templated":true}]}}