{"id":1096,"date":"2022-05-09T09:26:12","date_gmt":"2022-05-09T08:26:12","guid":{"rendered":"https:\/\/www.shop.cazeneuve.fr\/?post_type=product&#038;p=1096"},"modified":"2025-03-17T15:44:19","modified_gmt":"2025-03-17T14:44:19","slug":"kit-protection-glissieres-x-z-vis-a-billes","status":"publish","type":"product","link":"https:\/\/www.shop.cazeneuve.fr\/en\/boutique\/kit-protection-glissieres-x-z-vis-a-billes\/","title":{"rendered":"X-Z slide and ball screw protection kit"},"content":{"rendered":"<p><strong>Compatible avec les OPTICA 590 et OPTIMAX 590 (avec n\u00b0 de machine STRICTEMENT SUPERIEUR \u00e0 11 843).\u00a0<\/strong><\/p>\n<p>Contient l&rsquo;ensemble RACL. CHARIOT + CONTRE-POINTE + VIS \u00e0 BILLES Z<\/p>\n<p>Kit composed of the following references:<\/p>\n<ul>\n<li>9.210.911.20 | 921091120 &#8211; POCHETTE PROTECTION BANC :\n<ul>\n<li>3.618.494.00 | 361849400 &#8211; RACLEUR DU VE SUR CHARIOT (x2) ;<\/li>\n<li>3.618.392.00 | 361839200 &#8211; RACLEUR DU PLAT &#8211; CHARIOT (x2) ;<\/li>\n<li>3.618.473.00 | 361847300 &#8211; RACLEUR DU VE SUR C.P ;<\/li>\n<li>3.618.362.00 | 361836200 &#8211; RACLEUR DU PLAT SUR C.P ;<\/li>\n<\/ul>\n<\/li>\n<li>1.525.713.50 | 152571350 &#8211; RACLEUR AVANT ;<\/li>\n<li>1.525.621.00 | 152562100 &#8211; RACLEUR SUR CARTER AXE Z<\/li>\n<\/ul>\n<p>R\u00e9f\u00e9rence pi\u00e8ce : 9.210.911.16 | 921091116<\/p>\n<p>Delivery within 2 to 3 working days after receipt of payment.<\/p>","protected":false},"excerpt":{"rendered":"<p><strong>Compatible avec les OPTICA 590 et OPTIMAX 590 (avec n\u00b0 de machine STRICTEMENT SUPERIEUR \u00e0 11 843).\u00a0<\/strong><\/p>\n<p>Contient l&rsquo;ensemble RACL. CHARIOT + CONTRE-POINTE + VIS \u00e0 BILLES Z<\/p>\n<p>Kit composed of the following references:<\/p>\n<ul>\n<li>9.210.911.20 &#8211; POCHETTE PROTECTION BANC :\n<ul>\n<li>3.618.494.00 &#8211; RACLEUR DU VE SUR CHARIOT (x2) ;<\/li>\n<li>3.618.392.00 &#8211; RACLEUR DU PLAT &#8211; CHARIOT (x2) ;<\/li>\n<li>3.618.473.00 &#8211; RACLEUR DU VE SUR C.P ;<\/li>\n<li>3.618.362.00 &#8211; RACLEUR DU PLAT SUR C.P ;<\/li>\n<\/ul>\n<\/li>\n<li>1.525.713.50 &#8211; RACLEUR AVANT ;<\/li>\n<li>1.525.621.00 &#8211; RACLEUR SUR CARTER AXE Z<\/li>\n<\/ul>\n<p>Part number: 9.210.911.16<\/p>\n<p>Delivery within 2 to 3 working days after receipt of payment.<\/p>","protected":false},"featured_media":3702,"template":"","meta":{"site-sidebar-layout":"default","site-content-layout":"default","ast-site-content-layout":"default","site-content-style":"default","site-sidebar-style":"default","ast-global-header-display":"","ast-banner-title-visibility":"","ast-main-header-display":"","ast-hfb-above-header-display":"","ast-hfb-below-header-display":"","ast-hfb-mobile-header-display":"","site-post-title":"","ast-breadcrumbs-content":"","ast-featured-img":"","footer-sml-layout":"","ast-disable-related-posts":"","theme-transparent-header-meta":"default","adv-header-id-meta":"","stick-header-meta":"","header-above-stick-meta":"","header-main-stick-meta":"","header-below-stick-meta":"","astra-migrate-meta-layouts":"set","ast-page-background-enabled":"default","ast-page-background-meta":{"desktop":{"background-color":"var(--ast-global-color-4)","background-image":"","background-repeat":"repeat","background-position":"center center","background-size":"auto","background-attachment":"scroll","background-type":"","background-media":"","overlay-type":"","overlay-color":"","overlay-opacity":"","overlay-gradient":""},"tablet":{"background-color":"","background-image":"","background-repeat":"repeat","background-position":"center center","background-size":"auto","background-attachment":"scroll","background-type":"","background-media":"","overlay-type":"","overlay-color":"","overlay-opacity":"","overlay-gradient":""},"mobile":{"background-color":"","background-image":"","background-repeat":"repeat","background-position":"center center","background-size":"auto","background-attachment":"scroll","background-type":"","background-media":"","overlay-type":"","overlay-color":"","overlay-opacity":"","overlay-gradient":""}},"ast-content-background-meta":{"desktop":{"background-color":"var(--ast-global-color-5)","background-image":"","background-repeat":"repeat","background-position":"center center","background-size":"auto","background-attachment":"scroll","background-type":"","background-media":"","overlay-type":"","overlay-color":"","overlay-opacity":"","overlay-gradient":""},"tablet":{"background-color":"var(--ast-global-color-5)","background-image":"","background-repeat":"repeat","background-position":"center center","background-size":"auto","background-attachment":"scroll","background-type":"","background-media":"","overlay-type":"","overlay-color":"","overlay-opacity":"","overlay-gradient":""},"mobile":{"background-color":"var(--ast-global-color-5)","background-image":"","background-repeat":"repeat","background-position":"center center","background-size":"auto","background-attachment":"scroll","background-type":"","background-media":"","overlay-type":"","overlay-color":"","overlay-opacity":"","overlay-gradient":""}}},"product_brand":[],"product_cat":[96,103,15],"product_tag":[50,46],"class_list":{"0":"post-1096","1":"product","2":"type-product","3":"status-publish","4":"has-post-thumbnail","6":"product_cat-optica-590","7":"product_cat-optimax-590","8":"product_cat-tout","9":"product_tag-optica-590","10":"product_tag-optimax-590","11":"product_shipping_class-1kg","12":"desktop-align-left","13":"tablet-align-left","14":"mobile-align-left","16":"first","17":"instock","18":"taxable","19":"shipping-taxable","20":"purchasable","21":"product-type-simple"},"jetpack_sharing_enabled":true,"_links":{"self":[{"href":"https:\/\/www.shop.cazeneuve.fr\/en\/wp-json\/wp\/v2\/product\/1096","targetHints":{"allow":["GET"]}}],"collection":[{"href":"https:\/\/www.shop.cazeneuve.fr\/en\/wp-json\/wp\/v2\/product"}],"about":[{"href":"https:\/\/www.shop.cazeneuve.fr\/en\/wp-json\/wp\/v2\/types\/product"}],"version-history":[{"count":11,"href":"https:\/\/www.shop.cazeneuve.fr\/en\/wp-json\/wp\/v2\/product\/1096\/revisions"}],"predecessor-version":[{"id":4705,"href":"https:\/\/www.shop.cazeneuve.fr\/en\/wp-json\/wp\/v2\/product\/1096\/revisions\/4705"}],"wp:featuredmedia":[{"embeddable":true,"href":"https:\/\/www.shop.cazeneuve.fr\/en\/wp-json\/wp\/v2\/media\/3702"}],"wp:attachment":[{"href":"https:\/\/www.shop.cazeneuve.fr\/en\/wp-json\/wp\/v2\/media?parent=1096"}],"wp:term":[{"taxonomy":"product_brand","embeddable":true,"href":"https:\/\/www.shop.cazeneuve.fr\/en\/wp-json\/wp\/v2\/product_brand?post=1096"},{"taxonomy":"product_cat","embeddable":true,"href":"https:\/\/www.shop.cazeneuve.fr\/en\/wp-json\/wp\/v2\/product_cat?post=1096"},{"taxonomy":"product_tag","embeddable":true,"href":"https:\/\/www.shop.cazeneuve.fr\/en\/wp-json\/wp\/v2\/product_tag?post=1096"}],"curies":[{"name":"wp","href":"https:\/\/api.w.org\/{rel}","templated":true}]}}