{"id":1117,"date":"2022-05-09T10:02:34","date_gmt":"2022-05-09T09:02:34","guid":{"rendered":"https:\/\/www.shop.cazeneuve.fr\/?post_type=product&#038;p=1117"},"modified":"2025-11-25T16:27:24","modified_gmt":"2025-11-25T15:27:24","slug":"pignon-25-30-dents","status":"publish","type":"product","link":"https:\/\/www.shop.cazeneuve.fr\/en\/boutique\/pignon-25-30-dents\/","title":{"rendered":"Sprocket 25\/30 teeth"},"content":{"rendered":"<p><strong>Compatible with HB 500, HB 575, HB 725 and HB 800.<\/strong><\/p>\n<p>R\u00e9f\u00e9rence pi\u00e8ce : 1.344.533.00 | 134453300<\/p>\n<p>Delivery within 2 to 3 working days after receipt of payment.<\/p>","protected":false},"excerpt":{"rendered":"<p><strong>Compatible with HB 500, HB 575, HB 725 and HB 800.<\/strong><\/p>\n<p>Part number: 1.344.533.00<\/p>\n<p>Delivery within 2 to 3 working days after receipt of payment.<\/p>","protected":false},"featured_media":1120,"template":"","meta":{"site-sidebar-layout":"default","site-content-layout":"default","ast-site-content-layout":"default","site-content-style":"default","site-sidebar-style":"default","ast-global-header-display":"","ast-banner-title-visibility":"","ast-main-header-display":"","ast-hfb-above-header-display":"","ast-hfb-below-header-display":"","ast-hfb-mobile-header-display":"","site-post-title":"","ast-breadcrumbs-content":"","ast-featured-img":"","footer-sml-layout":"","ast-disable-related-posts":"","theme-transparent-header-meta":"default","adv-header-id-meta":"","stick-header-meta":"","header-above-stick-meta":"","header-main-stick-meta":"","header-below-stick-meta":"","astra-migrate-meta-layouts":"default","ast-page-background-enabled":"default","ast-page-background-meta":{"desktop":{"background-color":"var(--ast-global-color-4)","background-image":"","background-repeat":"repeat","background-position":"center center","background-size":"auto","background-attachment":"scroll","background-type":"","background-media":"","overlay-type":"","overlay-color":"","overlay-opacity":"","overlay-gradient":""},"tablet":{"background-color":"","background-image":"","background-repeat":"repeat","background-position":"center center","background-size":"auto","background-attachment":"scroll","background-type":"","background-media":"","overlay-type":"","overlay-color":"","overlay-opacity":"","overlay-gradient":""},"mobile":{"background-color":"","background-image":"","background-repeat":"repeat","background-position":"center center","background-size":"auto","background-attachment":"scroll","background-type":"","background-media":"","overlay-type":"","overlay-color":"","overlay-opacity":"","overlay-gradient":""}},"ast-content-background-meta":{"desktop":{"background-color":"var(--ast-global-color-5)","background-image":"","background-repeat":"repeat","background-position":"center center","background-size":"auto","background-attachment":"scroll","background-type":"","background-media":"","overlay-type":"","overlay-color":"","overlay-opacity":"","overlay-gradient":""},"tablet":{"background-color":"var(--ast-global-color-5)","background-image":"","background-repeat":"repeat","background-position":"center center","background-size":"auto","background-attachment":"scroll","background-type":"","background-media":"","overlay-type":"","overlay-color":"","overlay-opacity":"","overlay-gradient":""},"mobile":{"background-color":"var(--ast-global-color-5)","background-image":"","background-repeat":"repeat","background-position":"center center","background-size":"auto","background-attachment":"scroll","background-type":"","background-media":"","overlay-type":"","overlay-color":"","overlay-opacity":"","overlay-gradient":""}}},"product_brand":[],"product_cat":[197,15],"product_tag":[61,62],"class_list":{"0":"post-1117","1":"product","2":"type-product","3":"status-publish","4":"has-post-thumbnail","6":"product_cat-boite-superieure-des-avances","7":"product_cat-tout","8":"product_tag-hb-500","9":"product_tag-hb-575","10":"product_shipping_class-1kg","11":"desktop-align-left","12":"tablet-align-left","13":"mobile-align-left","15":"first","16":"instock","17":"taxable","18":"shipping-taxable","19":"purchasable","20":"product-type-simple"},"jetpack_sharing_enabled":true,"_links":{"self":[{"href":"https:\/\/www.shop.cazeneuve.fr\/en\/wp-json\/wp\/v2\/product\/1117","targetHints":{"allow":["GET"]}}],"collection":[{"href":"https:\/\/www.shop.cazeneuve.fr\/en\/wp-json\/wp\/v2\/product"}],"about":[{"href":"https:\/\/www.shop.cazeneuve.fr\/en\/wp-json\/wp\/v2\/types\/product"}],"version-history":[{"count":10,"href":"https:\/\/www.shop.cazeneuve.fr\/en\/wp-json\/wp\/v2\/product\/1117\/revisions"}],"predecessor-version":[{"id":3413,"href":"https:\/\/www.shop.cazeneuve.fr\/en\/wp-json\/wp\/v2\/product\/1117\/revisions\/3413"}],"wp:featuredmedia":[{"embeddable":true,"href":"https:\/\/www.shop.cazeneuve.fr\/en\/wp-json\/wp\/v2\/media\/1120"}],"wp:attachment":[{"href":"https:\/\/www.shop.cazeneuve.fr\/en\/wp-json\/wp\/v2\/media?parent=1117"}],"wp:term":[{"taxonomy":"product_brand","embeddable":true,"href":"https:\/\/www.shop.cazeneuve.fr\/en\/wp-json\/wp\/v2\/product_brand?post=1117"},{"taxonomy":"product_cat","embeddable":true,"href":"https:\/\/www.shop.cazeneuve.fr\/en\/wp-json\/wp\/v2\/product_cat?post=1117"},{"taxonomy":"product_tag","embeddable":true,"href":"https:\/\/www.shop.cazeneuve.fr\/en\/wp-json\/wp\/v2\/product_tag?post=1117"}],"curies":[{"name":"wp","href":"https:\/\/api.w.org\/{rel}","templated":true}]}}