{"id":3550,"date":"2023-09-14T13:49:12","date_gmt":"2023-09-14T12:49:12","guid":{"rendered":"https:\/\/www.shop.cazeneuve.fr\/?post_type=product&#038;p=3550"},"modified":"2023-09-14T13:49:14","modified_gmt":"2023-09-14T12:49:14","slug":"ensemble-douille-tenon","status":"publish","type":"product","link":"https:\/\/www.shop.cazeneuve.fr\/en\/boutique\/ensemble-douille-tenon\/","title":{"rendered":"Ensemble douille-tenon"},"content":{"rendered":"<p>R\u00e9f\u00e9rence pi\u00e8ce : 1.589.536.00 | 158953600<\/p>\n<p>Delivery within 2 to 3 working days after receipt of payment.<\/p>","protected":false},"excerpt":{"rendered":"<p>R\u00e9f\u00e9rence pi\u00e8ce : 1.589.536.00<\/p>\n<p>Delivery within 2 to 3 working days after receipt of payment.<\/p>","protected":false},"featured_media":3558,"template":"","meta":{"site-sidebar-layout":"default","site-content-layout":"default","ast-site-content-layout":"default","site-content-style":"default","site-sidebar-style":"default","ast-global-header-display":"","ast-banner-title-visibility":"","ast-main-header-display":"","ast-hfb-above-header-display":"","ast-hfb-below-header-display":"","ast-hfb-mobile-header-display":"","site-post-title":"","ast-breadcrumbs-content":"","ast-featured-img":"","footer-sml-layout":"","ast-disable-related-posts":"","theme-transparent-header-meta":"default","adv-header-id-meta":"","stick-header-meta":"","header-above-stick-meta":"","header-main-stick-meta":"","header-below-stick-meta":"","astra-migrate-meta-layouts":"default","ast-page-background-enabled":"default","ast-page-background-meta":{"desktop":{"background-color":"var(--ast-global-color-4)","background-image":"","background-repeat":"repeat","background-position":"center center","background-size":"auto","background-attachment":"scroll","background-type":"","background-media":"","overlay-type":"","overlay-color":"","overlay-opacity":"","overlay-gradient":""},"tablet":{"background-color":"","background-image":"","background-repeat":"repeat","background-position":"center center","background-size":"auto","background-attachment":"scroll","background-type":"","background-media":"","overlay-type":"","overlay-color":"","overlay-opacity":"","overlay-gradient":""},"mobile":{"background-color":"","background-image":"","background-repeat":"repeat","background-position":"center center","background-size":"auto","background-attachment":"scroll","background-type":"","background-media":"","overlay-type":"","overlay-color":"","overlay-opacity":"","overlay-gradient":""}},"ast-content-background-meta":{"desktop":{"background-color":"var(--ast-global-color-5)","background-image":"","background-repeat":"repeat","background-position":"center center","background-size":"auto","background-attachment":"scroll","background-type":"","background-media":"","overlay-type":"","overlay-color":"","overlay-opacity":"","overlay-gradient":""},"tablet":{"background-color":"var(--ast-global-color-5)","background-image":"","background-repeat":"repeat","background-position":"center center","background-size":"auto","background-attachment":"scroll","background-type":"","background-media":"","overlay-type":"","overlay-color":"","overlay-opacity":"","overlay-gradient":""},"mobile":{"background-color":"var(--ast-global-color-5)","background-image":"","background-repeat":"repeat","background-position":"center center","background-size":"auto","background-attachment":"scroll","background-type":"","background-media":"","overlay-type":"","overlay-color":"","overlay-opacity":"","overlay-gradient":""}}},"product_brand":[],"product_cat":[15],"product_tag":[],"class_list":{"0":"post-3550","1":"product","2":"type-product","3":"status-publish","4":"has-post-thumbnail","6":"product_cat-tout","7":"product_shipping_class-1kg","8":"desktop-align-left","9":"tablet-align-left","10":"mobile-align-left","12":"first","13":"instock","14":"taxable","15":"shipping-taxable","16":"purchasable","17":"product-type-simple"},"jetpack_sharing_enabled":true,"_links":{"self":[{"href":"https:\/\/www.shop.cazeneuve.fr\/en\/wp-json\/wp\/v2\/product\/3550","targetHints":{"allow":["GET"]}}],"collection":[{"href":"https:\/\/www.shop.cazeneuve.fr\/en\/wp-json\/wp\/v2\/product"}],"about":[{"href":"https:\/\/www.shop.cazeneuve.fr\/en\/wp-json\/wp\/v2\/types\/product"}],"version-history":[{"count":2,"href":"https:\/\/www.shop.cazeneuve.fr\/en\/wp-json\/wp\/v2\/product\/3550\/revisions"}],"predecessor-version":[{"id":3730,"href":"https:\/\/www.shop.cazeneuve.fr\/en\/wp-json\/wp\/v2\/product\/3550\/revisions\/3730"}],"wp:featuredmedia":[{"embeddable":true,"href":"https:\/\/www.shop.cazeneuve.fr\/en\/wp-json\/wp\/v2\/media\/3558"}],"wp:attachment":[{"href":"https:\/\/www.shop.cazeneuve.fr\/en\/wp-json\/wp\/v2\/media?parent=3550"}],"wp:term":[{"taxonomy":"product_brand","embeddable":true,"href":"https:\/\/www.shop.cazeneuve.fr\/en\/wp-json\/wp\/v2\/product_brand?post=3550"},{"taxonomy":"product_cat","embeddable":true,"href":"https:\/\/www.shop.cazeneuve.fr\/en\/wp-json\/wp\/v2\/product_cat?post=3550"},{"taxonomy":"product_tag","embeddable":true,"href":"https:\/\/www.shop.cazeneuve.fr\/en\/wp-json\/wp\/v2\/product_tag?post=3550"}],"curies":[{"name":"wp","href":"https:\/\/api.w.org\/{rel}","templated":true}]}}