{"id":3563,"date":"2023-09-04T15:12:21","date_gmt":"2023-09-04T14:12:21","guid":{"rendered":"https:\/\/www.shop.cazeneuve.fr\/?post_type=product&#038;p=3563"},"modified":"2025-07-30T13:17:39","modified_gmt":"2025-07-30T12:17:39","slug":"jeu-de-3-mors-doux-mandrin-215-a1-6","status":"publish","type":"product","link":"https:\/\/www.shop.cazeneuve.fr\/en\/boutique\/jeu-de-3-mors-doux-mandrin-215-a1-6\/","title":{"rendered":"3 Mors doux LADNER (\u00d8 215 mm A1-6\u2033)"},"content":{"rendered":"<p><strong>Jeu de 3 mors doux monoblocs LADNER pour mandrin \u00d8 215 mm A1-6\u2033.<\/strong><\/p>\n<p>R\u00e9f\u00e9rence pi\u00e8ce : 3.996.730.12 | 399673012<\/p>\n<p>R\u00e9f\u00e9rence constructeur : 1320310013A00<\/p>\n<p><img data-recalc-dims=\"1\" fetchpriority=\"high\" decoding=\"async\" class=\"alignnone size-medium wp-image-3718\" src=\"https:\/\/i0.wp.com\/www.shop.cazeneuve.fr\/wp-content\/uploads\/2023\/09\/Plan-3.996.730.12.png?resize=300%2C249&#038;ssl=1\" alt=\"\" width=\"300\" height=\"249\" srcset=\"https:\/\/i0.wp.com\/www.shop.cazeneuve.fr\/wp-content\/uploads\/2023\/09\/Plan-3.996.730.12.png?resize=300%2C249&amp;ssl=1 300w, https:\/\/i0.wp.com\/www.shop.cazeneuve.fr\/wp-content\/uploads\/2023\/09\/Plan-3.996.730.12.png?resize=14%2C12&amp;ssl=1 14w, https:\/\/i0.wp.com\/www.shop.cazeneuve.fr\/wp-content\/uploads\/2023\/09\/Plan-3.996.730.12.png?resize=600%2C498&amp;ssl=1 600w, https:\/\/i0.wp.com\/www.shop.cazeneuve.fr\/wp-content\/uploads\/2023\/09\/Plan-3.996.730.12.png?w=715&amp;ssl=1 715w\" sizes=\"(max-width: 300px) 100vw, 300px\" \/><\/p>\n<p>Dimensions :<br \/>\nH : 58 mm<br \/>\na : 9 mm<br \/>\nb : 10 mm<br \/>\nW : 23 mm<br \/>\nc : 14 mm<br \/>\nL : 78 mm<br \/>\np : 9 mm<\/p>\n<p>Delivery within 2 to 3 working days after receipt of payment.<\/p>","protected":false},"excerpt":{"rendered":"<p><strong>Jeu de 3 mors doux monoblocs pour mandrin \u00d8 215 mm A1-6\u2033.<\/strong><\/p>\n<p>R\u00e9f\u00e9rence pi\u00e8ce : 3.996.730.12<\/p>\n<p>Delivery within 2 to 3 working days after receipt of payment.<\/p>","protected":false},"featured_media":3564,"template":"","meta":{"site-sidebar-layout":"default","site-content-layout":"default","ast-site-content-layout":"default","site-content-style":"default","site-sidebar-style":"default","ast-global-header-display":"","ast-banner-title-visibility":"","ast-main-header-display":"","ast-hfb-above-header-display":"","ast-hfb-below-header-display":"","ast-hfb-mobile-header-display":"","site-post-title":"","ast-breadcrumbs-content":"","ast-featured-img":"","footer-sml-layout":"","ast-disable-related-posts":"","theme-transparent-header-meta":"default","adv-header-id-meta":"","stick-header-meta":"","header-above-stick-meta":"","header-main-stick-meta":"","header-below-stick-meta":"","astra-migrate-meta-layouts":"set","ast-page-background-enabled":"default","ast-page-background-meta":{"desktop":{"background-color":"var(--ast-global-color-4)","background-image":"","background-repeat":"repeat","background-position":"center center","background-size":"auto","background-attachment":"scroll","background-type":"","background-media":"","overlay-type":"","overlay-color":"","overlay-opacity":"","overlay-gradient":""},"tablet":{"background-color":"","background-image":"","background-repeat":"repeat","background-position":"center center","background-size":"auto","background-attachment":"scroll","background-type":"","background-media":"","overlay-type":"","overlay-color":"","overlay-opacity":"","overlay-gradient":""},"mobile":{"background-color":"","background-image":"","background-repeat":"repeat","background-position":"center center","background-size":"auto","background-attachment":"scroll","background-type":"","background-media":"","overlay-type":"","overlay-color":"","overlay-opacity":"","overlay-gradient":""}},"ast-content-background-meta":{"desktop":{"background-color":"var(--ast-global-color-5)","background-image":"","background-repeat":"repeat","background-position":"center center","background-size":"auto","background-attachment":"scroll","background-type":"","background-media":"","overlay-type":"","overlay-color":"","overlay-opacity":"","overlay-gradient":""},"tablet":{"background-color":"var(--ast-global-color-5)","background-image":"","background-repeat":"repeat","background-position":"center center","background-size":"auto","background-attachment":"scroll","background-type":"","background-media":"","overlay-type":"","overlay-color":"","overlay-opacity":"","overlay-gradient":""},"mobile":{"background-color":"var(--ast-global-color-5)","background-image":"","background-repeat":"repeat","background-position":"center center","background-size":"auto","background-attachment":"scroll","background-type":"","background-media":"","overlay-type":"","overlay-color":"","overlay-opacity":"","overlay-gradient":""}}},"product_brand":[],"product_cat":[167,15],"product_tag":[168],"class_list":{"0":"post-3563","1":"product","2":"type-product","3":"status-publish","4":"has-post-thumbnail","6":"product_cat-accessoire","7":"product_cat-tout","8":"product_tag-accessoire","9":"product_shipping_class-2-4kg","10":"desktop-align-left","11":"tablet-align-left","12":"mobile-align-left","14":"first","15":"instock","16":"taxable","17":"shipping-taxable","18":"purchasable","19":"product-type-simple"},"jetpack_sharing_enabled":true,"_links":{"self":[{"href":"https:\/\/www.shop.cazeneuve.fr\/en\/wp-json\/wp\/v2\/product\/3563","targetHints":{"allow":["GET"]}}],"collection":[{"href":"https:\/\/www.shop.cazeneuve.fr\/en\/wp-json\/wp\/v2\/product"}],"about":[{"href":"https:\/\/www.shop.cazeneuve.fr\/en\/wp-json\/wp\/v2\/types\/product"}],"version-history":[{"count":9,"href":"https:\/\/www.shop.cazeneuve.fr\/en\/wp-json\/wp\/v2\/product\/3563\/revisions"}],"predecessor-version":[{"id":5147,"href":"https:\/\/www.shop.cazeneuve.fr\/en\/wp-json\/wp\/v2\/product\/3563\/revisions\/5147"}],"wp:featuredmedia":[{"embeddable":true,"href":"https:\/\/www.shop.cazeneuve.fr\/en\/wp-json\/wp\/v2\/media\/3564"}],"wp:attachment":[{"href":"https:\/\/www.shop.cazeneuve.fr\/en\/wp-json\/wp\/v2\/media?parent=3563"}],"wp:term":[{"taxonomy":"product_brand","embeddable":true,"href":"https:\/\/www.shop.cazeneuve.fr\/en\/wp-json\/wp\/v2\/product_brand?post=3563"},{"taxonomy":"product_cat","embeddable":true,"href":"https:\/\/www.shop.cazeneuve.fr\/en\/wp-json\/wp\/v2\/product_cat?post=3563"},{"taxonomy":"product_tag","embeddable":true,"href":"https:\/\/www.shop.cazeneuve.fr\/en\/wp-json\/wp\/v2\/product_tag?post=3563"}],"curies":[{"name":"wp","href":"https:\/\/api.w.org\/{rel}","templated":true}]}}