{"id":3571,"date":"2023-09-04T15:10:45","date_gmt":"2023-09-04T14:10:45","guid":{"rendered":"https:\/\/www.shop.cazeneuve.fr\/?post_type=product&#038;p=3571"},"modified":"2025-06-17T12:17:41","modified_gmt":"2025-06-17T11:17:41","slug":"jeu-de-3-mors-doux-semelles-mandrin-215-mm","status":"publish","type":"product","link":"https:\/\/www.shop.cazeneuve.fr\/en\/boutique\/jeu-de-3-mors-doux-semelles-mandrin-215-mm\/","title":{"rendered":"3 Mors doux LADNER (\u00d8 215 mm)"},"content":{"rendered":"<p><strong>Jeu de 3 mors doux LADNER pour semelles &#8211; mandrin \u00d8 215 mm.<\/strong><\/p>\n<p>R\u00e9f\u00e9rence pi\u00e8ce : 3.996.730.11 | 399673011<\/p>\n<p>R\u00e9f\u00e9rence constructeur : 1440310043C00<\/p>\n<p><img data-recalc-dims=\"1\" fetchpriority=\"high\" decoding=\"async\" class=\"alignnone size-medium wp-image-3742\" src=\"https:\/\/i0.wp.com\/www.shop.cazeneuve.fr\/wp-content\/uploads\/2023\/09\/Plan1-3.996.730.11.png?resize=300%2C200&#038;ssl=1\" alt=\"\" width=\"300\" height=\"200\" srcset=\"https:\/\/i0.wp.com\/www.shop.cazeneuve.fr\/wp-content\/uploads\/2023\/09\/Plan1-3.996.730.11.png?resize=300%2C200&amp;ssl=1 300w, https:\/\/i0.wp.com\/www.shop.cazeneuve.fr\/wp-content\/uploads\/2023\/09\/Plan1-3.996.730.11.png?resize=18%2C12&amp;ssl=1 18w, https:\/\/i0.wp.com\/www.shop.cazeneuve.fr\/wp-content\/uploads\/2023\/09\/Plan1-3.996.730.11.png?w=526&amp;ssl=1 526w\" sizes=\"(max-width: 300px) 100vw, 300px\" \/> <img data-recalc-dims=\"1\" decoding=\"async\" class=\"alignnone size-medium wp-image-3743\" src=\"https:\/\/i0.wp.com\/www.shop.cazeneuve.fr\/wp-content\/uploads\/2023\/09\/Plan2-3.996.730.11.png?resize=228%2C243&#038;ssl=1\" alt=\"\" width=\"228\" height=\"243\" srcset=\"https:\/\/i0.wp.com\/www.shop.cazeneuve.fr\/wp-content\/uploads\/2023\/09\/Plan2-3.996.730.11.png?w=228&amp;ssl=1 228w, https:\/\/i0.wp.com\/www.shop.cazeneuve.fr\/wp-content\/uploads\/2023\/09\/Plan2-3.996.730.11.png?resize=11%2C12&amp;ssl=1 11w\" sizes=\"(max-width: 228px) 100vw, 228px\" \/><\/p>\n<p>Dimensions :<br \/>\nA : 28 mm<br \/>\nB : 48 mm<br \/>\nC : 92,5 mm<br \/>\nR : 12,68 mm<br \/>\nS : 7,6 mm<br \/>\nV : 7,94 mm<br \/>\nX : 3 mm<br \/>\nY : 20,28 mm<br \/>\nZ : 44,45 mm<br \/>\nd1 : 11 mm<\/p>\n<p>Delivery within 2 to 3 working days after receipt of payment.<\/p>","protected":false},"excerpt":{"rendered":"<p><strong>Jeu de 3 mors doux pour semelles &#8211; mandrin \u00d8 215 mm.<\/strong><\/p>\n<p>R\u00e9f\u00e9rence pi\u00e8ce : 3.996.730.11<\/p>\n<p>Delivery within 2 to 3 working days after receipt of payment.<\/p>","protected":false},"featured_media":3572,"template":"","meta":{"site-sidebar-layout":"default","site-content-layout":"default","ast-site-content-layout":"default","site-content-style":"default","site-sidebar-style":"default","ast-global-header-display":"","ast-banner-title-visibility":"","ast-main-header-display":"","ast-hfb-above-header-display":"","ast-hfb-below-header-display":"","ast-hfb-mobile-header-display":"","site-post-title":"","ast-breadcrumbs-content":"","ast-featured-img":"","footer-sml-layout":"","ast-disable-related-posts":"","theme-transparent-header-meta":"default","adv-header-id-meta":"","stick-header-meta":"","header-above-stick-meta":"","header-main-stick-meta":"","header-below-stick-meta":"","astra-migrate-meta-layouts":"default","ast-page-background-enabled":"default","ast-page-background-meta":{"desktop":{"background-color":"var(--ast-global-color-4)","background-image":"","background-repeat":"repeat","background-position":"center center","background-size":"auto","background-attachment":"scroll","background-type":"","background-media":"","overlay-type":"","overlay-color":"","overlay-opacity":"","overlay-gradient":""},"tablet":{"background-color":"","background-image":"","background-repeat":"repeat","background-position":"center center","background-size":"auto","background-attachment":"scroll","background-type":"","background-media":"","overlay-type":"","overlay-color":"","overlay-opacity":"","overlay-gradient":""},"mobile":{"background-color":"","background-image":"","background-repeat":"repeat","background-position":"center center","background-size":"auto","background-attachment":"scroll","background-type":"","background-media":"","overlay-type":"","overlay-color":"","overlay-opacity":"","overlay-gradient":""}},"ast-content-background-meta":{"desktop":{"background-color":"var(--ast-global-color-5)","background-image":"","background-repeat":"repeat","background-position":"center center","background-size":"auto","background-attachment":"scroll","background-type":"","background-media":"","overlay-type":"","overlay-color":"","overlay-opacity":"","overlay-gradient":""},"tablet":{"background-color":"var(--ast-global-color-5)","background-image":"","background-repeat":"repeat","background-position":"center center","background-size":"auto","background-attachment":"scroll","background-type":"","background-media":"","overlay-type":"","overlay-color":"","overlay-opacity":"","overlay-gradient":""},"mobile":{"background-color":"var(--ast-global-color-5)","background-image":"","background-repeat":"repeat","background-position":"center center","background-size":"auto","background-attachment":"scroll","background-type":"","background-media":"","overlay-type":"","overlay-color":"","overlay-opacity":"","overlay-gradient":""}}},"product_brand":[],"product_cat":[167,15],"product_tag":[168],"class_list":{"0":"post-3571","1":"product","2":"type-product","3":"status-publish","4":"has-post-thumbnail","6":"product_cat-accessoire","7":"product_cat-tout","8":"product_tag-accessoire","9":"product_shipping_class-2-4kg","10":"desktop-align-left","11":"tablet-align-left","12":"mobile-align-left","14":"first","15":"instock","16":"taxable","17":"shipping-taxable","18":"purchasable","19":"product-type-simple"},"jetpack_sharing_enabled":true,"_links":{"self":[{"href":"https:\/\/www.shop.cazeneuve.fr\/en\/wp-json\/wp\/v2\/product\/3571","targetHints":{"allow":["GET"]}}],"collection":[{"href":"https:\/\/www.shop.cazeneuve.fr\/en\/wp-json\/wp\/v2\/product"}],"about":[{"href":"https:\/\/www.shop.cazeneuve.fr\/en\/wp-json\/wp\/v2\/types\/product"}],"version-history":[{"count":9,"href":"https:\/\/www.shop.cazeneuve.fr\/en\/wp-json\/wp\/v2\/product\/3571\/revisions"}],"predecessor-version":[{"id":5148,"href":"https:\/\/www.shop.cazeneuve.fr\/en\/wp-json\/wp\/v2\/product\/3571\/revisions\/5148"}],"wp:featuredmedia":[{"embeddable":true,"href":"https:\/\/www.shop.cazeneuve.fr\/en\/wp-json\/wp\/v2\/media\/3572"}],"wp:attachment":[{"href":"https:\/\/www.shop.cazeneuve.fr\/en\/wp-json\/wp\/v2\/media?parent=3571"}],"wp:term":[{"taxonomy":"product_brand","embeddable":true,"href":"https:\/\/www.shop.cazeneuve.fr\/en\/wp-json\/wp\/v2\/product_brand?post=3571"},{"taxonomy":"product_cat","embeddable":true,"href":"https:\/\/www.shop.cazeneuve.fr\/en\/wp-json\/wp\/v2\/product_cat?post=3571"},{"taxonomy":"product_tag","embeddable":true,"href":"https:\/\/www.shop.cazeneuve.fr\/en\/wp-json\/wp\/v2\/product_tag?post=3571"}],"curies":[{"name":"wp","href":"https:\/\/api.w.org\/{rel}","templated":true}]}}