{"id":3626,"date":"2023-09-06T13:23:57","date_gmt":"2023-09-06T12:23:57","guid":{"rendered":"https:\/\/www.shop.cazeneuve.fr\/?post_type=product&#038;p=3626"},"modified":"2025-06-17T12:17:23","modified_gmt":"2025-06-17T11:17:23","slug":"jeu-3-mors-semelles-mandrin-250-mm-a1-8","status":"publish","type":"product","link":"https:\/\/www.shop.cazeneuve.fr\/en\/boutique\/jeu-3-mors-semelles-mandrin-250-mm-a1-8\/","title":{"rendered":"3 Mors LADNER semelles (\u00d8 250 mm A1-8\u2033)"},"content":{"rendered":"<p><strong>Jeu de 3 mors doux LADNER pour semelles &#8211; mandrin \u00d8 250 mm A1-8\u2033.<\/strong><\/p>\n<p>R\u00e9f\u00e9rence pi\u00e8ce : 3.995.730.13 | 399573013<\/p>\n<p>R\u00e9f\u00e9rence constructeur : 1440410043E00<\/p>\n<p><img data-recalc-dims=\"1\" fetchpriority=\"high\" decoding=\"async\" class=\"alignnone size-medium wp-image-3742\" src=\"https:\/\/i0.wp.com\/www.shop.cazeneuve.fr\/wp-content\/uploads\/2023\/09\/Plan1-3.996.730.11.png?resize=300%2C200&#038;ssl=1\" alt=\"\" width=\"300\" height=\"200\" srcset=\"https:\/\/i0.wp.com\/www.shop.cazeneuve.fr\/wp-content\/uploads\/2023\/09\/Plan1-3.996.730.11.png?resize=300%2C200&amp;ssl=1 300w, https:\/\/i0.wp.com\/www.shop.cazeneuve.fr\/wp-content\/uploads\/2023\/09\/Plan1-3.996.730.11.png?resize=18%2C12&amp;ssl=1 18w, https:\/\/i0.wp.com\/www.shop.cazeneuve.fr\/wp-content\/uploads\/2023\/09\/Plan1-3.996.730.11.png?w=526&amp;ssl=1 526w\" sizes=\"(max-width: 300px) 100vw, 300px\" \/> <img data-recalc-dims=\"1\" decoding=\"async\" class=\"alignnone size-full wp-image-3743\" src=\"https:\/\/i0.wp.com\/www.shop.cazeneuve.fr\/wp-content\/uploads\/2023\/09\/Plan2-3.996.730.11.png?resize=228%2C243&#038;ssl=1\" alt=\"\" width=\"228\" height=\"243\" srcset=\"https:\/\/i0.wp.com\/www.shop.cazeneuve.fr\/wp-content\/uploads\/2023\/09\/Plan2-3.996.730.11.png?w=228&amp;ssl=1 228w, https:\/\/i0.wp.com\/www.shop.cazeneuve.fr\/wp-content\/uploads\/2023\/09\/Plan2-3.996.730.11.png?resize=11%2C12&amp;ssl=1 11w\" sizes=\"(max-width: 228px) 100vw, 228px\" \/><\/p>\n<p>Dimensions :<br \/>\nA : 34 mm<br \/>\nB : 58 mm<br \/>\nC : 112,5 mm<br \/>\nR : 19,03 mm<br \/>\nS : 7 mm<br \/>\nV : 12,7 mm<br \/>\nX : 3 mm<br \/>\nY : 26,5 mm<br \/>\nZ : 54 mm<br \/>\nd1 : 13 mm<\/p>\n<p>Delivery within 2 to 3 working days after receipt of payment.<\/p>","protected":false},"excerpt":{"rendered":"<p><strong>Jeu de 3 mors doux pour semelles &#8211; mandrin \u00d8 250 mm A1-8\u2033.<\/strong><\/p>\n<p>R\u00e9f\u00e9rence pi\u00e8ce : 3.995.730.13<\/p>\n<p>Delivery within 2 to 3 working days after receipt of payment.<\/p>","protected":false},"featured_media":3629,"template":"","meta":{"site-sidebar-layout":"default","site-content-layout":"default","ast-site-content-layout":"default","site-content-style":"default","site-sidebar-style":"default","ast-global-header-display":"","ast-banner-title-visibility":"","ast-main-header-display":"","ast-hfb-above-header-display":"","ast-hfb-below-header-display":"","ast-hfb-mobile-header-display":"","site-post-title":"","ast-breadcrumbs-content":"","ast-featured-img":"","footer-sml-layout":"","ast-disable-related-posts":"","theme-transparent-header-meta":"default","adv-header-id-meta":"","stick-header-meta":"","header-above-stick-meta":"","header-main-stick-meta":"","header-below-stick-meta":"","astra-migrate-meta-layouts":"set","ast-page-background-enabled":"default","ast-page-background-meta":{"desktop":{"background-color":"var(--ast-global-color-4)","background-image":"","background-repeat":"repeat","background-position":"center center","background-size":"auto","background-attachment":"scroll","background-type":"","background-media":"","overlay-type":"","overlay-color":"","overlay-opacity":"","overlay-gradient":""},"tablet":{"background-color":"","background-image":"","background-repeat":"repeat","background-position":"center center","background-size":"auto","background-attachment":"scroll","background-type":"","background-media":"","overlay-type":"","overlay-color":"","overlay-opacity":"","overlay-gradient":""},"mobile":{"background-color":"","background-image":"","background-repeat":"repeat","background-position":"center center","background-size":"auto","background-attachment":"scroll","background-type":"","background-media":"","overlay-type":"","overlay-color":"","overlay-opacity":"","overlay-gradient":""}},"ast-content-background-meta":{"desktop":{"background-color":"var(--ast-global-color-5)","background-image":"","background-repeat":"repeat","background-position":"center center","background-size":"auto","background-attachment":"scroll","background-type":"","background-media":"","overlay-type":"","overlay-color":"","overlay-opacity":"","overlay-gradient":""},"tablet":{"background-color":"var(--ast-global-color-5)","background-image":"","background-repeat":"repeat","background-position":"center center","background-size":"auto","background-attachment":"scroll","background-type":"","background-media":"","overlay-type":"","overlay-color":"","overlay-opacity":"","overlay-gradient":""},"mobile":{"background-color":"var(--ast-global-color-5)","background-image":"","background-repeat":"repeat","background-position":"center center","background-size":"auto","background-attachment":"scroll","background-type":"","background-media":"","overlay-type":"","overlay-color":"","overlay-opacity":"","overlay-gradient":""}}},"product_brand":[],"product_cat":[167,15],"product_tag":[168],"class_list":{"0":"post-3626","1":"product","2":"type-product","3":"status-publish","4":"has-post-thumbnail","6":"product_cat-accessoire","7":"product_cat-tout","8":"product_tag-accessoire","9":"product_shipping_class-2-4kg","10":"desktop-align-left","11":"tablet-align-left","12":"mobile-align-left","14":"first","15":"instock","16":"taxable","17":"shipping-taxable","18":"purchasable","19":"product-type-simple"},"jetpack_sharing_enabled":true,"_links":{"self":[{"href":"https:\/\/www.shop.cazeneuve.fr\/en\/wp-json\/wp\/v2\/product\/3626","targetHints":{"allow":["GET"]}}],"collection":[{"href":"https:\/\/www.shop.cazeneuve.fr\/en\/wp-json\/wp\/v2\/product"}],"about":[{"href":"https:\/\/www.shop.cazeneuve.fr\/en\/wp-json\/wp\/v2\/types\/product"}],"version-history":[{"count":8,"href":"https:\/\/www.shop.cazeneuve.fr\/en\/wp-json\/wp\/v2\/product\/3626\/revisions"}],"predecessor-version":[{"id":5146,"href":"https:\/\/www.shop.cazeneuve.fr\/en\/wp-json\/wp\/v2\/product\/3626\/revisions\/5146"}],"wp:featuredmedia":[{"embeddable":true,"href":"https:\/\/www.shop.cazeneuve.fr\/en\/wp-json\/wp\/v2\/media\/3629"}],"wp:attachment":[{"href":"https:\/\/www.shop.cazeneuve.fr\/en\/wp-json\/wp\/v2\/media?parent=3626"}],"wp:term":[{"taxonomy":"product_brand","embeddable":true,"href":"https:\/\/www.shop.cazeneuve.fr\/en\/wp-json\/wp\/v2\/product_brand?post=3626"},{"taxonomy":"product_cat","embeddable":true,"href":"https:\/\/www.shop.cazeneuve.fr\/en\/wp-json\/wp\/v2\/product_cat?post=3626"},{"taxonomy":"product_tag","embeddable":true,"href":"https:\/\/www.shop.cazeneuve.fr\/en\/wp-json\/wp\/v2\/product_tag?post=3626"}],"curies":[{"name":"wp","href":"https:\/\/api.w.org\/{rel}","templated":true}]}}