{"id":4535,"date":"2024-02-15T10:49:56","date_gmt":"2024-02-15T09:49:56","guid":{"rendered":"https:\/\/www.shop.cazeneuve.fr\/?post_type=product&#038;p=4535"},"modified":"2025-11-25T16:07:43","modified_gmt":"2025-11-25T15:07:43","slug":"boule-spherique-levier-cp-percante","status":"publish","type":"product","link":"https:\/\/www.shop.cazeneuve.fr\/en\/boutique\/boule-spherique-levier-cp-percante\/","title":{"rendered":"Boule sph\u00e9rique levier CP per\u00e7ante"},"content":{"rendered":"<p><strong>Compatible avec tous les tours \u00e0 contre-pointe per\u00e7ante.<\/strong><\/p>\n<p>Boule sph\u00e9rique \u00f830 8\/1,25. Article vendu \u00e0 l\u2019unit\u00e9.<\/p>\n<p>R\u00e9f\u00e9rence pi\u00e8ce : 3.294.360.00 | 329436000<\/p>\n<p>Delivery within 2 to 3 working days after receipt of payment.<\/p>","protected":false},"excerpt":{"rendered":"<p><strong>Compatible avec tous les tours \u00e0 contre-pointe per\u00e7ante.<\/strong><\/p>\n<p>Boule sph\u00e9rique \u00f830 8\/1,25. Article vendu \u00e0 l\u2019unit\u00e9.<\/p>\n<p>R\u00e9f\u00e9rence pi\u00e8ce : 3.294.360.00<\/p>\n<p>Delivery within 2 to 3 working days after receipt of payment.<\/p>","protected":false},"featured_media":4536,"template":"","meta":{"site-sidebar-layout":"default","site-content-layout":"","ast-site-content-layout":"default","site-content-style":"default","site-sidebar-style":"default","ast-global-header-display":"","ast-banner-title-visibility":"","ast-main-header-display":"","ast-hfb-above-header-display":"","ast-hfb-below-header-display":"","ast-hfb-mobile-header-display":"","site-post-title":"","ast-breadcrumbs-content":"","ast-featured-img":"","footer-sml-layout":"","ast-disable-related-posts":"","theme-transparent-header-meta":"default","adv-header-id-meta":"","stick-header-meta":"","header-above-stick-meta":"","header-main-stick-meta":"","header-below-stick-meta":"","astra-migrate-meta-layouts":"set","ast-page-background-enabled":"default","ast-page-background-meta":{"desktop":{"background-color":"var(--ast-global-color-4)","background-image":"","background-repeat":"repeat","background-position":"center center","background-size":"auto","background-attachment":"scroll","background-type":"","background-media":"","overlay-type":"","overlay-color":"","overlay-opacity":"","overlay-gradient":""},"tablet":{"background-color":"","background-image":"","background-repeat":"repeat","background-position":"center center","background-size":"auto","background-attachment":"scroll","background-type":"","background-media":"","overlay-type":"","overlay-color":"","overlay-opacity":"","overlay-gradient":""},"mobile":{"background-color":"","background-image":"","background-repeat":"repeat","background-position":"center center","background-size":"auto","background-attachment":"scroll","background-type":"","background-media":"","overlay-type":"","overlay-color":"","overlay-opacity":"","overlay-gradient":""}},"ast-content-background-meta":{"desktop":{"background-color":"var(--ast-global-color-5)","background-image":"","background-repeat":"repeat","background-position":"center center","background-size":"auto","background-attachment":"scroll","background-type":"","background-media":"","overlay-type":"","overlay-color":"","overlay-opacity":"","overlay-gradient":""},"tablet":{"background-color":"var(--ast-global-color-5)","background-image":"","background-repeat":"repeat","background-position":"center center","background-size":"auto","background-attachment":"scroll","background-type":"","background-media":"","overlay-type":"","overlay-color":"","overlay-opacity":"","overlay-gradient":""},"mobile":{"background-color":"var(--ast-global-color-5)","background-image":"","background-repeat":"repeat","background-position":"center center","background-size":"auto","background-attachment":"scroll","background-type":"","background-media":"","overlay-type":"","overlay-color":"","overlay-opacity":"","overlay-gradient":""}}},"product_brand":[],"product_cat":[196,15],"product_tag":[61,62,58,49,24],"class_list":{"0":"post-4535","1":"product","2":"type-product","3":"status-publish","4":"has-post-thumbnail","6":"product_cat-contre-poupee","7":"product_cat-tout","8":"product_tag-hb-500","9":"product_tag-hb-575","10":"product_tag-hbx-360","11":"product_tag-optica-360","12":"product_tag-optimax-360","13":"product_shipping_class-1kg","14":"desktop-align-left","15":"tablet-align-left","16":"mobile-align-left","18":"first","19":"instock","20":"taxable","21":"shipping-taxable","22":"purchasable","23":"product-type-simple"},"jetpack_sharing_enabled":true,"_links":{"self":[{"href":"https:\/\/www.shop.cazeneuve.fr\/en\/wp-json\/wp\/v2\/product\/4535","targetHints":{"allow":["GET"]}}],"collection":[{"href":"https:\/\/www.shop.cazeneuve.fr\/en\/wp-json\/wp\/v2\/product"}],"about":[{"href":"https:\/\/www.shop.cazeneuve.fr\/en\/wp-json\/wp\/v2\/types\/product"}],"version-history":[{"count":1,"href":"https:\/\/www.shop.cazeneuve.fr\/en\/wp-json\/wp\/v2\/product\/4535\/revisions"}],"predecessor-version":[{"id":4537,"href":"https:\/\/www.shop.cazeneuve.fr\/en\/wp-json\/wp\/v2\/product\/4535\/revisions\/4537"}],"wp:featuredmedia":[{"embeddable":true,"href":"https:\/\/www.shop.cazeneuve.fr\/en\/wp-json\/wp\/v2\/media\/4536"}],"wp:attachment":[{"href":"https:\/\/www.shop.cazeneuve.fr\/en\/wp-json\/wp\/v2\/media?parent=4535"}],"wp:term":[{"taxonomy":"product_brand","embeddable":true,"href":"https:\/\/www.shop.cazeneuve.fr\/en\/wp-json\/wp\/v2\/product_brand?post=4535"},{"taxonomy":"product_cat","embeddable":true,"href":"https:\/\/www.shop.cazeneuve.fr\/en\/wp-json\/wp\/v2\/product_cat?post=4535"},{"taxonomy":"product_tag","embeddable":true,"href":"https:\/\/www.shop.cazeneuve.fr\/en\/wp-json\/wp\/v2\/product_tag?post=4535"}],"curies":[{"name":"wp","href":"https:\/\/api.w.org\/{rel}","templated":true}]}}