{"id":4996,"date":"2025-04-01T15:00:00","date_gmt":"2025-04-01T14:00:00","guid":{"rendered":"https:\/\/www.shop.cazeneuve.fr\/?post_type=product&#038;p=4996"},"modified":"2025-04-01T15:02:58","modified_gmt":"2025-04-01T14:02:58","slug":"cache-avant-broche-d41","status":"publish","type":"product","link":"https:\/\/www.shop.cazeneuve.fr\/en\/boutique\/cache-avant-broche-d41\/","title":{"rendered":"Cache avant broche"},"content":{"rendered":"<p><strong>Compatible avec les tours conventionnels HB 500 et HB 575 <span style=\"color: #ff0000;\">avec \u00d841<\/span>.<\/strong><\/p>\n<p>R\u00e9f\u00e9rence pi\u00e8ce : 1.363.673.00 | 136367300<\/p>\n<p>Delivery within 2 to 3 working days after receipt of payment.<\/p>","protected":false},"excerpt":{"rendered":"<p><strong>Compatible avec les tours conventionnels HB 500 et HB 575 <span style=\"color: #ff0000;\">avec \u00d841<\/span>.<\/strong><\/p>\n<p>R\u00e9f\u00e9rence pi\u00e8ce : 1.363.673.00<\/p>\n<p>Delivery within 2 to 3 working days after receipt of payment.<\/p>","protected":false},"featured_media":5001,"template":"","meta":{"site-sidebar-layout":"default","site-content-layout":"","ast-site-content-layout":"default","site-content-style":"default","site-sidebar-style":"default","ast-global-header-display":"","ast-banner-title-visibility":"","ast-main-header-display":"","ast-hfb-above-header-display":"","ast-hfb-below-header-display":"","ast-hfb-mobile-header-display":"","site-post-title":"","ast-breadcrumbs-content":"","ast-featured-img":"","footer-sml-layout":"","ast-disable-related-posts":"","theme-transparent-header-meta":"default","adv-header-id-meta":"","stick-header-meta":"","header-above-stick-meta":"","header-main-stick-meta":"","header-below-stick-meta":"","astra-migrate-meta-layouts":"set","ast-page-background-enabled":"default","ast-page-background-meta":{"desktop":{"background-color":"var(--ast-global-color-4)","background-image":"","background-repeat":"repeat","background-position":"center center","background-size":"auto","background-attachment":"scroll","background-type":"","background-media":"","overlay-type":"","overlay-color":"","overlay-opacity":"","overlay-gradient":""},"tablet":{"background-color":"","background-image":"","background-repeat":"repeat","background-position":"center center","background-size":"auto","background-attachment":"scroll","background-type":"","background-media":"","overlay-type":"","overlay-color":"","overlay-opacity":"","overlay-gradient":""},"mobile":{"background-color":"","background-image":"","background-repeat":"repeat","background-position":"center center","background-size":"auto","background-attachment":"scroll","background-type":"","background-media":"","overlay-type":"","overlay-color":"","overlay-opacity":"","overlay-gradient":""}},"ast-content-background-meta":{"desktop":{"background-color":"var(--ast-global-color-5)","background-image":"","background-repeat":"repeat","background-position":"center center","background-size":"auto","background-attachment":"scroll","background-type":"","background-media":"","overlay-type":"","overlay-color":"","overlay-opacity":"","overlay-gradient":""},"tablet":{"background-color":"var(--ast-global-color-5)","background-image":"","background-repeat":"repeat","background-position":"center center","background-size":"auto","background-attachment":"scroll","background-type":"","background-media":"","overlay-type":"","overlay-color":"","overlay-opacity":"","overlay-gradient":""},"mobile":{"background-color":"var(--ast-global-color-5)","background-image":"","background-repeat":"repeat","background-position":"center center","background-size":"auto","background-attachment":"scroll","background-type":"","background-media":"","overlay-type":"","overlay-color":"","overlay-opacity":"","overlay-gradient":""}}},"product_brand":[],"product_cat":[91,92,187,15],"product_tag":[61,62],"class_list":{"0":"post-4996","1":"product","2":"type-product","3":"status-publish","4":"has-post-thumbnail","6":"product_cat-hb-500","7":"product_cat-hb-575","8":"product_cat-poupee","9":"product_cat-tout","10":"product_tag-hb-500","11":"product_tag-hb-575","12":"product_shipping_class-1kg","13":"desktop-align-left","14":"tablet-align-left","15":"mobile-align-left","17":"first","18":"outofstock","19":"taxable","20":"shipping-taxable","21":"purchasable","22":"product-type-simple"},"jetpack_sharing_enabled":true,"_links":{"self":[{"href":"https:\/\/www.shop.cazeneuve.fr\/en\/wp-json\/wp\/v2\/product\/4996","targetHints":{"allow":["GET"]}}],"collection":[{"href":"https:\/\/www.shop.cazeneuve.fr\/en\/wp-json\/wp\/v2\/product"}],"about":[{"href":"https:\/\/www.shop.cazeneuve.fr\/en\/wp-json\/wp\/v2\/types\/product"}],"version-history":[{"count":1,"href":"https:\/\/www.shop.cazeneuve.fr\/en\/wp-json\/wp\/v2\/product\/4996\/revisions"}],"predecessor-version":[{"id":5004,"href":"https:\/\/www.shop.cazeneuve.fr\/en\/wp-json\/wp\/v2\/product\/4996\/revisions\/5004"}],"wp:featuredmedia":[{"embeddable":true,"href":"https:\/\/www.shop.cazeneuve.fr\/en\/wp-json\/wp\/v2\/media\/5001"}],"wp:attachment":[{"href":"https:\/\/www.shop.cazeneuve.fr\/en\/wp-json\/wp\/v2\/media?parent=4996"}],"wp:term":[{"taxonomy":"product_brand","embeddable":true,"href":"https:\/\/www.shop.cazeneuve.fr\/en\/wp-json\/wp\/v2\/product_brand?post=4996"},{"taxonomy":"product_cat","embeddable":true,"href":"https:\/\/www.shop.cazeneuve.fr\/en\/wp-json\/wp\/v2\/product_cat?post=4996"},{"taxonomy":"product_tag","embeddable":true,"href":"https:\/\/www.shop.cazeneuve.fr\/en\/wp-json\/wp\/v2\/product_tag?post=4996"}],"curies":[{"name":"wp","href":"https:\/\/api.w.org\/{rel}","templated":true}]}}